{"id":634,"date":"2021-04-25T08:01:45","date_gmt":"2021-04-25T08:01:45","guid":{"rendered":"https:\/\/restaurante-acasadoavo.com\/?page_id=634"},"modified":"2021-04-25T08:08:05","modified_gmt":"2021-04-25T08:08:05","slug":"politica-de-privacidade","status":"publish","type":"page","link":"https:\/\/restaurante-acasadoavo.com\/en\/politica-de-privacidade\/","title":{"rendered":"Privacy Policy"},"content":{"rendered":"<div class=\"row row-collapse row-full-width scrollDiv\"  id=\"row-1293548433\">\n\n\n\t<div id=\"col-1157629844\" class=\"col small-12 large-12\"  >\n\t\t<div class=\"col-inner\"  >\n\t\t\t\n\t\t\t\n\n\t<section class=\"section\" id=\"section_906244745\">\n\t\t<div class=\"bg section-bg fill bg-fill bg-loaded bg-loaded\" >\n\n\t\t\t\n\t\t\t\n\t\t\t\n\n\t\t<\/div>\n\n\t\t<div class=\"section-content relative\">\n\t\t\t\n\n<span class=\"scroll-to\" data-label=\"Scroll to: #more\" data-bullet=\"false\" data-link=\"#more\" data-title=\"more\"><a name=\"more\"><\/a><\/span>\n\n<div class=\"row row-small\" style=\"max-width:900px\" id=\"row-389983303\">\n\n\n\t<div id=\"col-1323863179\" class=\"col small-12 large-12\"  >\n\t\t<div class=\"col-inner\"  >\n\t\t\t\n\t\t\t\n\n<h1>Privacy Policy<\/h1>\n<div class=\"is-divider divider clearfix\" style=\"max-width:60px;height:2px;\"><\/div>\n\n\t<div id=\"text-321110719\" class=\"text\">\n\t\t\n\n<p>O Restaurante A Casa do Av\u00f4 (doravante tamb\u00e9m referenciado abreviadamente por Parcelalicious Unipessoal, Lda ), ao longo dos anos, tem procurado afirmar rela\u00e7\u00f5es s\u00f3lidas e duradouras com os seus clientes, baseadas na transpar\u00eancia e na confian\u00e7a. A presente Pol\u00edtica de Privacidade descreve quem somos, para que finalidades usamos os dados dos titulares, como os tratamos e guardamos, com quem os partilhamos, durante quanto tempo os conservamos, assim como as formas de entrar em contacto connosco e exercer os seus direitos.<\/p>\n<p><strong>Quem somos?<\/strong><\/p>\n<p>Os seus dados pessoais ser\u00e3o tratados pela Parcelalicious Unipessoal, Lda., pessoa coletiva n.\u00ba 510\u00a0697 267 com sede em S\u00edtio de Vale de Parra EM 1281 \u2013 Guia, 8200 \u2013 427 Albufeira, n\u00famero de telefone 289\u00a0513 282.<\/p>\n<p>A Parcelalicious Unipessoal, Lda \u00e9 respons\u00e1vel pelo tratamento dos dados pessoais que recolhe, trata e guarda, no sentido em que tais express\u00f5es s\u00e3o definidas pelo Regulamento Geral sobre a Prote\u00e7\u00e3o de Dados (ou \u201cRGPD\u201d).<\/p>\n<p><strong>Porque tratamos a sua informa\u00e7\u00e3o ?<\/strong><\/p>\n<p>\u00a0A Parcelalicious Unipessoal, Lda. apenas trata dados pessoais quando, desde logo, tal for necess\u00e1rio para cumprir com obriga\u00e7\u00f5es legais que se lhe aplique, ou tal opera\u00e7\u00e3o de tratamento for necess\u00e1ria para execu\u00e7\u00e3o de um contrato ou dilig\u00eancias pr\u00e9-contratuais a ele associadas.<\/p>\n<p>A Parcelalicious Unipessoal, Lda. poder\u00e1, ainda, tratar informa\u00e7\u00e3o se tiver um interesse leg\u00edtimo para o fazer, desde que, em cada caso, este interesse esteja em conformidade com a legisla\u00e7\u00e3o aplic\u00e1vel e os direitos do titular dos dados. Tal poder\u00e1 ocorrer, designadamente, para efeitos de gest\u00e3o e confirma\u00e7\u00e3o de reservas, comunica\u00e7\u00e3o com os seus clientes, envio de question\u00e1rios de satisfa\u00e7\u00e3o, gest\u00e3o de reclama\u00e7\u00f5es de clientes, resposta a pedidos de informa\u00e7\u00e3o e solicita\u00e7\u00f5es, gest\u00e3o de prefer\u00eancias pessoais dos clientes, recrutamento de colaboradores ou presta\u00e7\u00e3o de informa\u00e7\u00f5es sobre as atividades desenvolvidas pela Parcelalicious Unipessoal Lda.<\/p>\n<p>Quando nenhuma das restantes condi\u00e7\u00f5es de licitude sejam aptas a suportar a opera\u00e7\u00e3o de tratamento dos dados, a Parcelalicious Unipessoal, Lda. \u00a0apenas tratar\u00e1 a informa\u00e7\u00e3o se tiver obtido o consentimento do titular dos dados para tratar os seus dados pessoais para finalidades espec\u00edficas, expl\u00edcitas e leg\u00edtimas.<\/p>\n<p><strong>Partilha e transfer\u00eancia de dados pessoais<\/strong><\/p>\n<p>A Parcelalicious Unipessoal, Lda. partilha dados com entidades terceiras, nos termos legais, ao abrigo do dever de coopera\u00e7\u00e3o, designadamente, a Autoridade de Seguran\u00e7a Alimentar e Econ\u00f3mica, a Autoridade para as Condi\u00e7\u00f5es de Trabalho, a Autoridade Tribut\u00e1ria e Aduaneira e a Seguran\u00e7a Social.<\/p>\n<p>A Parcelalicious Unipessoal Lda. pode, ainda, transferir dados para entidades prestadoras de servi\u00e7os que atuam exclusivamente sob sua orienta\u00e7\u00e3o ou em seu suporte, e que respeitam medidas t\u00e9cnicas e organizativas equivalentes \u00e0quelas a que est\u00e1 obrigada.<\/p>\n<p><strong>Durante quanto tempo conservamos a sua informa\u00e7\u00e3o?<\/strong><\/p>\n<p>A Parcelalicious Unipessoal, Lda. apenas conserva os dados pessoais durante o per\u00edodo necess\u00e1rio para a observ\u00e2ncia dos prop\u00f3sitos para os quais estes foram recolhidos. Os prazos de reten\u00e7\u00e3o da generalidade dos dados pessoais tratados pela Parcelalicious Unipessoal, Lda. resultam da lei ou dos contratos que celebra com clientes, fornecedores e parceiros. Apenas excecionalmente a Parcelalicious Unipessoal, Lda. recolhe e trata dados com base no seu interesse leg\u00edtimo ou no consentimento do titular.<\/p>\n<p><strong>Exerc\u00edcio dos direitos por parte do titular dos dados<\/strong><\/p>\n<p>A qualquer momento, o titular dos dados poder\u00e1:<\/p>\n<ul>\n<li>Solicitar o acesso \u00e0 informa\u00e7\u00e3o \u2013 o titular dos dados pessoais tem o direito a obter a confirma\u00e7\u00e3o de que os dados que lhe digam respeito s\u00e3o, ou n\u00e3o, objeto de tratamento e, quando for o caso, aceder aos seus dados pessoais e aceder \u00e0s informa\u00e7\u00f5es previstas na lei.<\/li>\n<li>Solicitar a retifica\u00e7\u00e3o da informa\u00e7\u00e3o caso esteja inexata ou incompleta \u2013 o titular dos dados pessoais tem direito a que a Parcelalicious Unipessoal Lda., sem demora injustificada, retifique os dados inexatos ou incompletos que lhe digam respeito.<\/li>\n<li>Solicitar o apagamento dos seus dados pessoais \u2013 o titular dos dados pessoais tem o direito de solicitar \u00e0 Parcelalicious Unipessoal, Lda. o apagamento dos seus dados, sem demora injustificada, e esta tem a obriga\u00e7\u00e3o de apagar os dados pessoais, sem demora injustificada, quando se aplique, designadamente, um dos seguintes motivos:<\/li>\n<li>Os dados pessoais deixaram de ser necess\u00e1rios para a finalidade que motivou a sua recolha ou tratamento;<\/li>\n<li>Op\u00f5e-se ao tratamento quando n\u00e3o existem interesses leg\u00edtimos prevalecentes que justifiquem o tratamento; ou<\/li>\n<li>Retirou o seu consentimento para o tratamento de dados (nos casos em que o tratamento \u00e9 baseado no consentimento) e n\u00e3o existir outro fundamento para o referido tratamento.<\/li>\n<li>Solicitar a limita\u00e7\u00e3o do tratamento dos seus dados pessoais \u2013 o titular dos dados pessoais tem o direito de solicitar \u00e0 Parcelalicious Unipessoal, Lda. a limita\u00e7\u00e3o do tratamento dos seus dados caso se aplique, designadamente, uma das seguintes situa\u00e7\u00f5es:<\/li>\n<li>Contestar a exatid\u00e3o dos dados pessoais, durante um per\u00edodo que permita \u00e0 Parcelalicious Unipessoal, Lda. verificar a sua exatid\u00e3o;<\/li>\n<li>O tratamento de dados for l\u00edcito e o titular dos dados se opuser ao apagamento dos dados pessoais e solicitar, em contrapartida, a limita\u00e7\u00e3o da sua utiliza\u00e7\u00e3o;<\/li>\n<li>A Parcelalicious Unipessoal, Lda. j\u00e1 n\u00e3o precisar dos dados pessoais para fins de tratamento, mas esses dados forem requeridos pelo titular para efeitos de declara\u00e7\u00e3o, exerc\u00edcio ou defesa de um direito num processo judicial;<\/li>\n<li>Caso se tenha oposto ao tratamento, at\u00e9 se verificar que os motivos leg\u00edtimos do respons\u00e1vel pelo tratamento prevalecem sobre os do titular dos dados.<\/li>\n<li>Opor-se ao tratamento dos seus dados pessoais \u2013 o titular dos dados pode opor-se ao tratamento dos seus dados pessoais nos casos em que o tratamento de dados for efetuado para efeito dos interesses leg\u00edtimos prosseguidos pela Parcelalicious Unipessoal, Lda. Nesta situa\u00e7\u00e3o, a Parcelalicious Unipessoal, Lda. poder\u00e1 demonstrar a exist\u00eancia de fundamentos leg\u00edtimos que prevale\u00e7am sobre os interesses leg\u00edtimos do titular de dados.<\/li>\n<\/ul>\n<p>Os titulares dos dados poder\u00e3o, em qualquer momento, exercer os seus direito atrav\u00e9s do endere\u00e7o de e-mail mailto: <a href=\"mailto:info@restaurante-acasadoavo.com\">info@restaurante-acasadoavo.com<\/a><\/p>\n<p>atrav\u00e9s de carta para o endere\u00e7o postal S\u00edtio de Vale de Parra EM 1281 \u2013 Guia \u2013 820- 427 Albufeira.<\/p>\n<p>Pode tamb\u00e9m contactar o Respons\u00e1vel pela Prote\u00e7\u00e3o de dados emailto: <a href=\"mailto:info@restaurante-acasadoavo.com\">info@restaurante-acasadoavo.com<\/a>.<\/p>\n<p>Pode, finalmente, optar por contactar a Autoridade de Controlo que, em Portugal , \u00e9 exercida pela Comiss\u00e3o Nacional de Prote\u00e7\u00e3o de Dados, enviando a sua mensagem para\u00a0<a href=\"mailto:geral@cnpd.pt\">geral@cnpd.pt<\/a>.<\/p>\n<p><strong>Medidas t\u00e9cnicas, organizativa e de seguran\u00e7a<\/strong><\/p>\n<p>A Parcelalicious Unipessoal, Lda. assegura a manuten\u00e7\u00e3o de meios de prote\u00e7\u00e3o adequados, por forma a que os seus procedimentos internos para a seguran\u00e7a dos dados pessoais estejam em conformidade com a regulamenta\u00e7\u00e3o em vigor. A Parcelalicious Unipessoal, Lda. desenvolve, ainda, todos os esfor\u00e7os necess\u00e1rios para assegurar que contratualmente as entidades terceiras com quem colabora, na qualidade de parceiros ou prestadores de servi\u00e7os, garantem uma prote\u00e7\u00e3o adequada dos dados pessoais a que tenham acesso. A Parcelalicious Unipessoal, Lda. limita o acesso a dados pessoais a colaboradores espec\u00edficos, e apenas quando o seu contato com tais dados pessoais se justifica, no \u00e2mbito das suas fun\u00e7\u00f5es.<\/p>\n<p>A Parcelalicious Unipessoal, Lda. toma as medidas necess\u00e1rias para garantir o tratamento seguro dos dados pessoais. Em especial, toma medidas cautelares para proteger os dados pessoais contra perdas ou abusos, e usa procedimentos de seguran\u00e7a para evitar acessos n\u00e3o autorizados a esses dados pessoais.<\/p>\n<p>\u00a0<\/p>\n<p>\u00a0<\/p>\n\t\t\n<style>\n#text-321110719 {\n  line-height: 1.5;\n}\n<\/style>\n\t<\/div>\n\t\n\n\t\t<\/div>\n\t\t\n<style>\n#col-1323863179 > .col-inner {\n  padding: 0px 0px 0px 0px;\n  margin: 0 0px 0px 0px;\n}\n<\/style>\n\t<\/div>\n\n\t\n\n\n<style>\n#row-389983303 > .col > .col-inner {\n  padding: 0px 0px 0px 00px;\n}\n@media (min-width:550px) {\n  #row-389983303 > .col > .col-inner {\n    padding: 40px 20px 0px 20px;\n  }\n}\n<\/style>\n<\/div>\n\n\t\t<\/div>\n\n\t\t\n<style>\n#section_906244745 {\n  padding-top: 30px;\n  padding-bottom: 30px;\n}\n@media (min-width:550px) {\n  #section_906244745 {\n    padding-top: 0px;\n    padding-bottom: 0px;\n  }\n}\n<\/style>\n\t<\/section>\n\t\n\n\t\t<\/div>\n\t\t\t<\/div>\n\n\t\n\n\n<style>\n#row-1293548433 > .col > .col-inner {\n  padding: 0px 0px 0px 0px;\n}\n<\/style>\n<\/div>","protected":false},"excerpt":{"rendered":"","protected":false},"author":1,"featured_media":0,"parent":0,"menu_order":0,"comment_status":"closed","ping_status":"closed","template":"page-blank.php","meta":{"_joinchat":[],"footnotes":""},"class_list":["post-634","page","type-page","status-publish","hentry"],"yoast_head":"<!-- This site is optimized with the Yoast SEO plugin v27.4 - https:\/\/yoast.com\/product\/yoast-seo-wordpress\/ -->\n<title>Pol\u00edtica de Privacidade - Restaurante A Casa do Av\u00f4<\/title>\n<meta name=\"robots\" content=\"index, follow, max-snippet:-1, max-image-preview:large, max-video-preview:-1\" \/>\n<link rel=\"canonical\" href=\"https:\/\/restaurante-acasadoavo.com\/en\/politica-de-privacidade\/\" \/>\n<meta property=\"og:locale\" content=\"en_GB\" \/>\n<meta property=\"og:type\" content=\"article\" \/>\n<meta property=\"og:title\" content=\"Pol\u00edtica de Privacidade - Restaurante A Casa do Av\u00f4\" \/>\n<meta property=\"og:url\" content=\"https:\/\/restaurante-acasadoavo.com\/en\/politica-de-privacidade\/\" \/>\n<meta property=\"og:site_name\" content=\"Restaurante A Casa do Av\u00f4\" \/>\n<meta property=\"article:modified_time\" content=\"2021-04-25T08:08:05+00:00\" \/>\n<meta name=\"twitter:card\" content=\"summary_large_image\" \/>\n<meta name=\"twitter:label1\" content=\"Estimated reading time\" \/>\n\t<meta name=\"twitter:data1\" content=\"7 minutes\" \/>\n<script type=\"application\/ld+json\" class=\"yoast-schema-graph\">{\"@context\":\"https:\\\/\\\/schema.org\",\"@graph\":[{\"@type\":\"WebPage\",\"@id\":\"https:\\\/\\\/restaurante-acasadoavo.com\\\/politica-de-privacidade\\\/\",\"url\":\"https:\\\/\\\/restaurante-acasadoavo.com\\\/politica-de-privacidade\\\/\",\"name\":\"Pol\u00edtica de Privacidade - Restaurante A Casa do Av\u00f4\",\"isPartOf\":{\"@id\":\"https:\\\/\\\/restaurante-acasadoavo.com\\\/en\\\/#website\"},\"datePublished\":\"2021-04-25T08:01:45+00:00\",\"dateModified\":\"2021-04-25T08:08:05+00:00\",\"breadcrumb\":{\"@id\":\"https:\\\/\\\/restaurante-acasadoavo.com\\\/politica-de-privacidade\\\/#breadcrumb\"},\"inLanguage\":\"en-GB\",\"potentialAction\":[{\"@type\":\"ReadAction\",\"target\":[\"https:\\\/\\\/restaurante-acasadoavo.com\\\/politica-de-privacidade\\\/\"]}]},{\"@type\":\"BreadcrumbList\",\"@id\":\"https:\\\/\\\/restaurante-acasadoavo.com\\\/politica-de-privacidade\\\/#breadcrumb\",\"itemListElement\":[{\"@type\":\"ListItem\",\"position\":1,\"name\":\"In\u00edcio\",\"item\":\"https:\\\/\\\/restaurante-acasadoavo.com\\\/\"},{\"@type\":\"ListItem\",\"position\":2,\"name\":\"Pol\u00edtica de Privacidade\"}]},{\"@type\":\"WebSite\",\"@id\":\"https:\\\/\\\/restaurante-acasadoavo.com\\\/en\\\/#website\",\"url\":\"https:\\\/\\\/restaurante-acasadoavo.com\\\/en\\\/\",\"name\":\"Restaurante A Casa do Av\u00f4\",\"description\":\"Guia - Albufeira - Algarve\",\"publisher\":{\"@id\":\"https:\\\/\\\/restaurante-acasadoavo.com\\\/en\\\/#organization\"},\"potentialAction\":[{\"@type\":\"SearchAction\",\"target\":{\"@type\":\"EntryPoint\",\"urlTemplate\":\"https:\\\/\\\/restaurante-acasadoavo.com\\\/en\\\/?s={search_term_string}\"},\"query-input\":{\"@type\":\"PropertyValueSpecification\",\"valueRequired\":true,\"valueName\":\"search_term_string\"}}],\"inLanguage\":\"en-GB\"},{\"@type\":\"Organization\",\"@id\":\"https:\\\/\\\/restaurante-acasadoavo.com\\\/en\\\/#organization\",\"name\":\"Restaurante a Casa do Av\u00f4\",\"url\":\"https:\\\/\\\/restaurante-acasadoavo.com\\\/en\\\/\",\"logo\":{\"@type\":\"ImageObject\",\"inLanguage\":\"en-GB\",\"@id\":\"https:\\\/\\\/restaurante-acasadoavo.com\\\/en\\\/#\\\/schema\\\/logo\\\/image\\\/\",\"url\":\"https:\\\/\\\/restaurante-acasadoavo.com\\\/wp-content\\\/uploads\\\/2021\\\/03\\\/favicon-acasadoavo.png\",\"contentUrl\":\"https:\\\/\\\/restaurante-acasadoavo.com\\\/wp-content\\\/uploads\\\/2021\\\/03\\\/favicon-acasadoavo.png\",\"width\":512,\"height\":512,\"caption\":\"Restaurante a Casa do Av\u00f4\"},\"image\":{\"@id\":\"https:\\\/\\\/restaurante-acasadoavo.com\\\/en\\\/#\\\/schema\\\/logo\\\/image\\\/\"}}]}<\/script>\n<!-- \/ Yoast SEO plugin. -->","yoast_head_json":{"title":"Pol\u00edtica de Privacidade - Restaurante A Casa do Av\u00f4","robots":{"index":"index","follow":"follow","max-snippet":"max-snippet:-1","max-image-preview":"max-image-preview:large","max-video-preview":"max-video-preview:-1"},"canonical":"https:\/\/restaurante-acasadoavo.com\/en\/politica-de-privacidade\/","og_locale":"en_GB","og_type":"article","og_title":"Pol\u00edtica de Privacidade - Restaurante A Casa do Av\u00f4","og_url":"https:\/\/restaurante-acasadoavo.com\/en\/politica-de-privacidade\/","og_site_name":"Restaurante A Casa do Av\u00f4","article_modified_time":"2021-04-25T08:08:05+00:00","twitter_card":"summary_large_image","twitter_misc":{"Estimated reading time":"7 minutes"},"schema":{"@context":"https:\/\/schema.org","@graph":[{"@type":"WebPage","@id":"https:\/\/restaurante-acasadoavo.com\/politica-de-privacidade\/","url":"https:\/\/restaurante-acasadoavo.com\/politica-de-privacidade\/","name":"Pol\u00edtica de Privacidade - Restaurante A Casa do Av\u00f4","isPartOf":{"@id":"https:\/\/restaurante-acasadoavo.com\/en\/#website"},"datePublished":"2021-04-25T08:01:45+00:00","dateModified":"2021-04-25T08:08:05+00:00","breadcrumb":{"@id":"https:\/\/restaurante-acasadoavo.com\/politica-de-privacidade\/#breadcrumb"},"inLanguage":"en-GB","potentialAction":[{"@type":"ReadAction","target":["https:\/\/restaurante-acasadoavo.com\/politica-de-privacidade\/"]}]},{"@type":"BreadcrumbList","@id":"https:\/\/restaurante-acasadoavo.com\/politica-de-privacidade\/#breadcrumb","itemListElement":[{"@type":"ListItem","position":1,"name":"In\u00edcio","item":"https:\/\/restaurante-acasadoavo.com\/"},{"@type":"ListItem","position":2,"name":"Pol\u00edtica de Privacidade"}]},{"@type":"WebSite","@id":"https:\/\/restaurante-acasadoavo.com\/en\/#website","url":"https:\/\/restaurante-acasadoavo.com\/en\/","name":"Restaurante A Casa do Av\u00f4","description":"Guia - Albufeira - Algarve","publisher":{"@id":"https:\/\/restaurante-acasadoavo.com\/en\/#organization"},"potentialAction":[{"@type":"SearchAction","target":{"@type":"EntryPoint","urlTemplate":"https:\/\/restaurante-acasadoavo.com\/en\/?s={search_term_string}"},"query-input":{"@type":"PropertyValueSpecification","valueRequired":true,"valueName":"search_term_string"}}],"inLanguage":"en-GB"},{"@type":"Organization","@id":"https:\/\/restaurante-acasadoavo.com\/en\/#organization","name":"Restaurante a Casa do Av\u00f4","url":"https:\/\/restaurante-acasadoavo.com\/en\/","logo":{"@type":"ImageObject","inLanguage":"en-GB","@id":"https:\/\/restaurante-acasadoavo.com\/en\/#\/schema\/logo\/image\/","url":"https:\/\/restaurante-acasadoavo.com\/wp-content\/uploads\/2021\/03\/favicon-acasadoavo.png","contentUrl":"https:\/\/restaurante-acasadoavo.com\/wp-content\/uploads\/2021\/03\/favicon-acasadoavo.png","width":512,"height":512,"caption":"Restaurante a Casa do Av\u00f4"},"image":{"@id":"https:\/\/restaurante-acasadoavo.com\/en\/#\/schema\/logo\/image\/"}}]}},"publishpress_future_action":{"enabled":false,"date":"2026-05-20 15:11:56","action":"change-status","newStatus":"draft","terms":[],"taxonomy":"","extraData":[]},"publishpress_future_workflow_manual_trigger":{"enabledWorkflows":[]},"_links":{"self":[{"href":"https:\/\/restaurante-acasadoavo.com\/en\/wp-json\/wp\/v2\/pages\/634","targetHints":{"allow":["GET"]}}],"collection":[{"href":"https:\/\/restaurante-acasadoavo.com\/en\/wp-json\/wp\/v2\/pages"}],"about":[{"href":"https:\/\/restaurante-acasadoavo.com\/en\/wp-json\/wp\/v2\/types\/page"}],"author":[{"embeddable":true,"href":"https:\/\/restaurante-acasadoavo.com\/en\/wp-json\/wp\/v2\/users\/1"}],"replies":[{"embeddable":true,"href":"https:\/\/restaurante-acasadoavo.com\/en\/wp-json\/wp\/v2\/comments?post=634"}],"version-history":[{"count":4,"href":"https:\/\/restaurante-acasadoavo.com\/en\/wp-json\/wp\/v2\/pages\/634\/revisions"}],"predecessor-version":[{"id":638,"href":"https:\/\/restaurante-acasadoavo.com\/en\/wp-json\/wp\/v2\/pages\/634\/revisions\/638"}],"wp:attachment":[{"href":"https:\/\/restaurante-acasadoavo.com\/en\/wp-json\/wp\/v2\/media?parent=634"}],"curies":[{"name":"wp","href":"https:\/\/api.w.org\/{rel}","templated":true}]}}